{"id":20,"date":"2023-03-25T10:04:57","date_gmt":"2023-03-25T10:04:57","guid":{"rendered":"https:\/\/petrykmeble.pl\/?page_id=20"},"modified":"2023-03-28T04:42:55","modified_gmt":"2023-03-28T04:42:55","slug":"glowna","status":"publish","type":"page","link":"https:\/\/petrykmeble.pl\/","title":{"rendered":"Home"},"content":{"rendered":"\n<p>Szukasz osoby, kt\u00f3ra wykona profesjonalnie Twoje wymarzone meble? Planujesz meble na wymiar do pokoju, kuchnie na wymiar, szaf\u0119, garderob\u0119, zabudowy wn\u0119k? Zastanawiasz si\u0119, kto zagwarantuje Ci us\u0142ugi na dobrym poziomie, terminowo, w przyjaznej atmosferze?<br>Zadzwo\u0144 \ud83d\ude42<\/p>\n\n\n\n<figure class=\"wp-block-image size-large\"><img fetchpriority=\"high\" decoding=\"async\" width=\"1024\" height=\"576\" src=\"https:\/\/petrykmeble.pl\/wp-content\/uploads\/2023\/03\/IMG_20220927_195909-1024x576.jpg\" alt=\"\" class=\"wp-image-32\" srcset=\"https:\/\/petrykmeble.pl\/wp-content\/uploads\/2023\/03\/IMG_20220927_195909-1024x576.jpg 1024w, https:\/\/petrykmeble.pl\/wp-content\/uploads\/2023\/03\/IMG_20220927_195909-300x169.jpg 300w, https:\/\/petrykmeble.pl\/wp-content\/uploads\/2023\/03\/IMG_20220927_195909-768x432.jpg 768w, https:\/\/petrykmeble.pl\/wp-content\/uploads\/2023\/03\/IMG_20220927_195909.jpg 1500w\" sizes=\"(max-width: 1024px) 100vw, 1024px\" \/><\/figure>\n\n\n\n<div class=\"wp-block-columns is-layout-flex wp-container-core-columns-is-layout-9d6595d7 wp-block-columns-is-layout-flex\">\n<div class=\"wp-block-column is-layout-flow wp-block-column-is-layout-flow\">\n<figure class=\"wp-block-image size-large\"><img decoding=\"async\" width=\"1024\" height=\"576\" src=\"https:\/\/petrykmeble.pl\/wp-content\/uploads\/2023\/03\/IMG_20210803_193324-1024x576.jpg\" alt=\"\" class=\"wp-image-38\" srcset=\"https:\/\/petrykmeble.pl\/wp-content\/uploads\/2023\/03\/IMG_20210803_193324-1024x576.jpg 1024w, https:\/\/petrykmeble.pl\/wp-content\/uploads\/2023\/03\/IMG_20210803_193324-300x169.jpg 300w, https:\/\/petrykmeble.pl\/wp-content\/uploads\/2023\/03\/IMG_20210803_193324-768x432.jpg 768w, https:\/\/petrykmeble.pl\/wp-content\/uploads\/2023\/03\/IMG_20210803_193324.jpg 1500w\" sizes=\"(max-width: 1024px) 100vw, 1024px\" \/><\/figure>\n<\/div>\n\n\n\n<div class=\"wp-block-column is-layout-flow wp-block-column-is-layout-flow\">\n<figure class=\"wp-block-image size-large\"><img decoding=\"async\" width=\"1024\" height=\"598\" src=\"https:\/\/petrykmeble.pl\/wp-content\/uploads\/2023\/03\/IMG_20201030_195854-1024x598.jpg\" alt=\"\" class=\"wp-image-37\" srcset=\"https:\/\/petrykmeble.pl\/wp-content\/uploads\/2023\/03\/IMG_20201030_195854-1024x598.jpg 1024w, https:\/\/petrykmeble.pl\/wp-content\/uploads\/2023\/03\/IMG_20201030_195854-300x175.jpg 300w, https:\/\/petrykmeble.pl\/wp-content\/uploads\/2023\/03\/IMG_20201030_195854-768x449.jpg 768w, https:\/\/petrykmeble.pl\/wp-content\/uploads\/2023\/03\/IMG_20201030_195854.jpg 1500w\" sizes=\"(max-width: 1024px) 100vw, 1024px\" \/><\/figure>\n<\/div>\n\n\n\n<div class=\"wp-block-column is-layout-flow wp-block-column-is-layout-flow\">\n<figure class=\"wp-block-image size-large\"><img loading=\"lazy\" decoding=\"async\" width=\"1024\" height=\"576\" src=\"https:\/\/petrykmeble.pl\/wp-content\/uploads\/2023\/03\/IMG_20220609_142055_1-1024x576.jpg\" alt=\"\" class=\"wp-image-39\" srcset=\"https:\/\/petrykmeble.pl\/wp-content\/uploads\/2023\/03\/IMG_20220609_142055_1-1024x576.jpg 1024w, https:\/\/petrykmeble.pl\/wp-content\/uploads\/2023\/03\/IMG_20220609_142055_1-300x169.jpg 300w, https:\/\/petrykmeble.pl\/wp-content\/uploads\/2023\/03\/IMG_20220609_142055_1-768x432.jpg 768w, https:\/\/petrykmeble.pl\/wp-content\/uploads\/2023\/03\/IMG_20220609_142055_1.jpg 1500w\" sizes=\"(max-width: 1024px) 100vw, 1024px\" \/><\/figure>\n<\/div>\n<\/div>\n","protected":false},"excerpt":{"rendered":"<p>Szukasz osoby, kt\u00f3ra wykona profesjonalnie Twoje wymarzone meble? Planujesz meble na wymiar do pokoju, kuchnie na wymiar, szaf\u0119, garderob\u0119, zabudowy wn\u0119k? Zastanawiasz si\u0119, kto zagwarantuje Ci us\u0142ugi na dobrym poziomie, terminowo, w przyjaznej atmosferze?Zadzwo\u0144 \ud83d\ude42<\/p>\n","protected":false},"author":1,"featured_media":0,"parent":0,"menu_order":0,"comment_status":"closed","ping_status":"closed","template":"","meta":{"footnotes":""},"class_list":["post-20","page","type-page","status-publish","hentry"],"_links":{"self":[{"href":"https:\/\/petrykmeble.pl\/index.php?rest_route=\/wp\/v2\/pages\/20","targetHints":{"allow":["GET"]}}],"collection":[{"href":"https:\/\/petrykmeble.pl\/index.php?rest_route=\/wp\/v2\/pages"}],"about":[{"href":"https:\/\/petrykmeble.pl\/index.php?rest_route=\/wp\/v2\/types\/page"}],"author":[{"embeddable":true,"href":"https:\/\/petrykmeble.pl\/index.php?rest_route=\/wp\/v2\/users\/1"}],"replies":[{"embeddable":true,"href":"https:\/\/petrykmeble.pl\/index.php?rest_route=%2Fwp%2Fv2%2Fcomments&post=20"}],"version-history":[{"count":4,"href":"https:\/\/petrykmeble.pl\/index.php?rest_route=\/wp\/v2\/pages\/20\/revisions"}],"predecessor-version":[{"id":42,"href":"https:\/\/petrykmeble.pl\/index.php?rest_route=\/wp\/v2\/pages\/20\/revisions\/42"}],"wp:attachment":[{"href":"https:\/\/petrykmeble.pl\/index.php?rest_route=%2Fwp%2Fv2%2Fmedia&parent=20"}],"curies":[{"name":"wp","href":"https:\/\/api.w.org\/{rel}","templated":true}]}}